{"id":23,"date":"2022-05-24T22:03:21","date_gmt":"2022-05-24T22:03:21","guid":{"rendered":"https:\/\/ngfest.cz\/?page_id=23"},"modified":"2025-06-08T14:11:34","modified_gmt":"2025-06-08T14:11:34","slug":"contact","status":"publish","type":"page","link":"https:\/\/ngfest.cz\/?page_id=23","title":{"rendered":"Kontakt"},"content":{"rendered":"<p>[vc_row][vc_column][vc_text_separator title=&#8220;KONTAKT&#8220; css=&#8220;.vc_custom_1718651952703{margin-top: 5vh !important;}&#8220;][\/vc_column][\/vc_row][vc_row][vc_column width=&#8220;1\/4&#8243;][vc_icon icon_fontawesome=&#8220;fas fa-map&#8220; color=&#8220;chino&#8220; align=&#8220;center&#8220;][vc_column_text]<\/p>\n<p style=\"text-align: center;\"><strong>Didymos z. s.<\/strong><br \/>\n<strong>Javorn\u00edk 9<\/strong><br \/>\n<strong>696 74 Velk\u00e1 nad Veli\u010dkou<br \/>\n<span>+420 730 999 809<br \/>\nngfest@seznam.cz<br \/>\n<\/span><\/strong><\/p>\n<p>[\/vc_column_text][vc_icon icon_fontawesome=&#8220;fas fa-briefcase&#8220; color=&#8220;orange&#8220; align=&#8220;center&#8220;][vc_column_text]<\/p>\n<p style=\"text-align: center;\"><strong>I\u010cO:<\/strong><span>\u00a014386364<\/span><br \/>\n<strong>\u010d. \u00fa.:<\/strong><span>\u00a02302192051\/2010<\/span><\/p>\n<p>[\/vc_column_text][\/vc_column][vc_column width=&#8220;1\/2&#8243;][vc_column_text]<\/p>\n<div style=\"width: 100%;\"><iframe width=\"100%\" height=\"450\" frameborder=\"0\" scrolling=\"no\" marginheight=\"0\" marginwidth=\"0\" src=\"https:\/\/frame.mapy.cz\/s\/gocunuhone\" allowfullscreen=\"allowfullscreen\" loading=\"lazy\" referrerpolicy=\"no-referrer-when-downgrade\"><\/iframe><\/div>\n<p>[\/vc_column_text][vc_row_inner content_placement=&#8220;middle&#8220;][vc_column_inner width=&#8220;1\/4&#8243; css=&#8220;.vc_custom_1656058318173{padding-right: 30px !important;padding-left: 30px !important;}&#8220;][\/vc_column_inner][vc_column_inner width=&#8220;1\/2&#8243;][\/vc_column_inner][vc_column_inner width=&#8220;1\/4&#8243;][\/vc_column_inner][\/vc_row_inner][\/vc_column][vc_column width=&#8220;1\/4&#8243;]<div class=\"wpforms-container wpforms-container-full\" id=\"wpforms-339\"><form id=\"wpforms-form-339\" class=\"wpforms-validate wpforms-form wpforms-ajax-form\" data-formid=\"339\" method=\"post\" enctype=\"multipart\/form-data\" action=\"\/index.php?rest_route=%2Fwp%2Fv2%2Fpages%2F23\" data-token=\"3f03e7f350b919327764986b0e18f4fe\"><noscript class=\"wpforms-error-noscript\">Chcete-li vyplnit tento formul\u00e1\u0159, pros\u00edm povolte v prohl\u00ed\u017ee\u010di JavaScript.<\/noscript><div class=\"wpforms-field-container\"><div id=\"wpforms-339-field_1-container\" class=\"wpforms-field wpforms-field-name\" data-field-id=\"1\"><label class=\"wpforms-field-label\" for=\"wpforms-339-field_1\">Jm\u00e9no <span class=\"wpforms-required-label\">*<\/span><\/label><input type=\"text\" id=\"wpforms-339-field_1\" class=\"wpforms-field-medium wpforms-field-required\" name=\"wpforms[fields][1]\" required><\/div><div id=\"wpforms-339-field_2-container\" class=\"wpforms-field wpforms-field-email\" data-field-id=\"2\"><label class=\"wpforms-field-label\" for=\"wpforms-339-field_2\">Email <span class=\"wpforms-required-label\">*<\/span><\/label><input type=\"email\" id=\"wpforms-339-field_2\" class=\"wpforms-field-medium wpforms-field-required\" name=\"wpforms[fields][2]\" spellcheck=\"false\" required><\/div><div id=\"wpforms-339-field_3-container\" class=\"wpforms-field wpforms-field-textarea\" data-field-id=\"3\"><label class=\"wpforms-field-label\" for=\"wpforms-339-field_3\">Zpr\u00e1va<\/label><textarea id=\"wpforms-339-field_3\" class=\"wpforms-field-medium\" name=\"wpforms[fields][3]\" ><\/textarea><\/div><\/div><!-- .wpforms-field-container --><div class=\"wpforms-recaptcha-container wpforms-is-hcaptcha\" ><div class=\"g-recaptcha\" data-sitekey=\"ef969dde-e4e2-4556-8b96-e19460ef2a10\"><\/div><input type=\"text\" name=\"g-recaptcha-hidden\" class=\"wpforms-recaptcha-hidden\" style=\"position:absolute!important;clip:rect(0,0,0,0)!important;height:1px!important;width:1px!important;border:0!important;overflow:hidden!important;padding:0!important;margin:0!important;\" data-rule-hcaptcha=\"1\"><\/div><div class=\"wpforms-submit-container\" ><input type=\"hidden\" name=\"wpforms[id]\" value=\"339\"><input type=\"hidden\" name=\"wpforms[author]\" value=\"1\"><button type=\"submit\" name=\"wpforms[submit]\" id=\"wpforms-submit-339\" class=\"wpforms-submit\" data-alt-text=\"Odes\u00edlam...\" data-submit-text=\"Odeslat\" aria-live=\"assertive\" value=\"wpforms-submit\">Odeslat<\/button><img loading=\"lazy\" decoding=\"async\" src=\"https:\/\/ngfest.cz\/wp-content\/plugins\/wpforms-lite\/assets\/images\/submit-spin.svg\" class=\"wpforms-submit-spinner\" style=\"display: none;\" width=\"26\" height=\"26\" alt=\"Na\u010d\u00edt\u00e1n\u00ed\"><\/div><\/form><\/div>  <!-- .wpforms-container -->[\/vc_column][\/vc_row][vc_section][vc_row][vc_column][vc_text_separator title=&#8220;<\/p>\n<h6>Soci\u00e1ln\u00ed s\u00edt\u011b \u2003&#8220;][\/vc_column][\/vc_row][vc_row][vc_column width=&#8220;1\/2&#8243; offset=&#8220;vc_hidden-xs&#8220;][vc_icon icon_fontawesome=&#8220;fab fa-instagram&#8220; color=&#8220;mulled_wine&#8220; size=&#8220;lg&#8220; align=&#8220;right&#8220; css_animation=&#8220;top-to-bottom&#8220; link=&#8220;url:https%3A%2F%2Fwww.instagram.com%2Fngfest%2Freels%2F|target:_blank&#8220;][\/vc_column][vc_column width=&#8220;1\/2&#8243; offset=&#8220;vc_hidden-xs&#8220;][vc_icon icon_fontawesome=&#8220;fab fa-facebook-f&#8220; size=&#8220;lg&#8220; css_animation=&#8220;top-to-bottom&#8220; link=&#8220;url:https%3A%2F%2Fwww.facebook.com%2Fngfest2024%2F&#8220;][\/vc_column][\/vc_row][vc_row][vc_column offset=&#8220;vc_hidden-lg vc_hidden-md vc_hidden-sm&#8220;][vc_icon icon_fontawesome=&#8220;fab fa-instagram&#8220; color=&#8220;mulled_wine&#8220; size=&#8220;lg&#8220; align=&#8220;center&#8220; css_animation=&#8220;top-to-bottom&#8220; link=&#8220;url:https%3A%2F%2Fwww.instagram.com%2Fngfest%2Freels%2F|target:_blank&#8220;][vc_icon icon_fontawesome=&#8220;fab fa-facebook-f&#8220; size=&#8220;lg&#8220; align=&#8220;center&#8220; css_animation=&#8220;top-to-bottom&#8220; link=&#8220;url:https%3A%2F%2Fwww.facebook.com%2Fngfest2024%2F&#8220;][\/vc_column][\/vc_row][\/vc_section]<\/h6>\n","protected":false},"excerpt":{"rendered":"<p>[vc_row][vc_column][vc_text_separator title=&#8220;KONTAKT&#8220; css=&#8220;.vc_custom_1718651952703{margin-top: 5vh !important;}&#8220;][\/vc_column][\/vc_row][vc_row][vc_column width=&#8220;1\/4&#8243;][vc_icon icon_fontawesome=&#8220;fas fa-map&#8220; color=&#8220;chino&#8220; align=&#8220;center&#8220;][vc_column_text] Didymos z. s. Javorn\u00edk 9 696 74 Velk\u00e1 nad Veli\u010dkou +420 730 999 809 ngfest@seznam.cz [\/vc_column_text][vc_icon icon_fontawesome=&#8220;fas fa-briefcase&#8220; color=&#8220;orange&#8220; align=&#8220;center&#8220;][vc_column_text] I\u010cO:\u00a014386364 \u010d. \u00fa.:\u00a02302192051\/2010 [\/vc_column_text][\/vc_column][vc_column width=&#8220;1\/2&#8243;][vc_column_text] [\/vc_column_text][vc_row_inner content_placement=&#8220;middle&#8220;][vc_column_inner width=&#8220;1\/4&#8243; css=&#8220;.vc_custom_1656058318173{padding-right: 30px !important;padding-left: 30px !important;}&#8220;][\/vc_column_inner][vc_column_inner width=&#8220;1\/2&#8243;][\/vc_column_inner][vc_column_inner width=&#8220;1\/4&#8243;][\/vc_column_inner][\/vc_row_inner][\/vc_column][vc_column width=&#8220;1\/4&#8243;][\/vc_column][\/vc_row][vc_section][vc_row][vc_column][vc_text_separator title=&#8220; Soci\u00e1ln\u00ed s\u00edt\u011b \u2003&#8220;][\/vc_column][\/vc_row][vc_row][vc_column [&hellip;]<\/p>\n","protected":false},"author":1,"featured_media":15,"parent":0,"menu_order":0,"comment_status":"closed","ping_status":"closed","template":"page-templates\/template-pagebuilder-full-width.php","meta":{"footnotes":""},"class_list":["post-23","page","type-page","status-publish","has-post-thumbnail","hentry"],"_links":{"self":[{"href":"https:\/\/ngfest.cz\/index.php?rest_route=\/wp\/v2\/pages\/23","targetHints":{"allow":["GET"]}}],"collection":[{"href":"https:\/\/ngfest.cz\/index.php?rest_route=\/wp\/v2\/pages"}],"about":[{"href":"https:\/\/ngfest.cz\/index.php?rest_route=\/wp\/v2\/types\/page"}],"author":[{"embeddable":true,"href":"https:\/\/ngfest.cz\/index.php?rest_route=\/wp\/v2\/users\/1"}],"replies":[{"embeddable":true,"href":"https:\/\/ngfest.cz\/index.php?rest_route=%2Fwp%2Fv2%2Fcomments&post=23"}],"version-history":[{"count":33,"href":"https:\/\/ngfest.cz\/index.php?rest_route=\/wp\/v2\/pages\/23\/revisions"}],"predecessor-version":[{"id":937,"href":"https:\/\/ngfest.cz\/index.php?rest_route=\/wp\/v2\/pages\/23\/revisions\/937"}],"wp:featuredmedia":[{"embeddable":true,"href":"https:\/\/ngfest.cz\/index.php?rest_route=\/wp\/v2\/media\/15"}],"wp:attachment":[{"href":"https:\/\/ngfest.cz\/index.php?rest_route=%2Fwp%2Fv2%2Fmedia&parent=23"}],"curies":[{"name":"wp","href":"https:\/\/api.w.org\/{rel}","templated":true}]}}