{"id":84,"date":"2022-05-25T18:46:02","date_gmt":"2022-05-25T18:46:02","guid":{"rendered":"https:\/\/ngfest.cz\/?page_id=84"},"modified":"2026-01-14T12:25:26","modified_gmt":"2026-01-14T12:25:26","slug":"recnici","status":"publish","type":"page","link":"https:\/\/ngfest.cz\/?page_id=84","title":{"rendered":"\u0158e\u010dn\u00edci"},"content":{"rendered":"<p>[vc_row][vc_column][vc_text_separator title=&#8220;Vystupovali u n\u00e1s&#8220; i_icon_fontawesome=&#8220;fas fa-microphone&#8220; i_color=&#8220;black&#8220; add_icon=&#8220;true&#8220;][vc_text_separator title=&#8220;2025&#8243;][vc_tta_tabs active_section=&#8220;0&#8243;][vc_tta_section title=&#8220;Luk\u00e1\u0161 Sztefek&#8220; tab_id=&#8220;1718649515793-fc6d612c-2468&#8243;][vc_row_inner][vc_column_inner width=&#8220;1\/2&#8243;][vc_text_separator title=&#8220;Luk\u00e1\u0161 Sztefek&#8220; i_icon_fontawesome=&#8220;fas fa-microphone&#8220; i_color=&#8220;black&#8220; color=&#8220;black&#8220; add_icon=&#8220;true&#8220; css=&#8220;.vc_custom_1752827055385{margin-bottom: 10px !important;}&#8220;][vc_column_text]<span style=\"font-weight: 400;\">Na\u0161im leto\u0161n\u00edm \u0159e\u010dn\u00edkem bude Luk\u00e1\u0161 Sztefek! \ud83c\udfa4<\/span><\/p>\n<p>&nbsp;<\/p>\n<p><span style=\"font-weight: 400;\">Je to pastor ve Slezsk\u00e9 c\u00edrkvi evangelick\u00e9 a. v., kde slou\u017e\u00ed ve sboru v T\u011brlicku a od roku 2023 vede tak\u00e9 t\u011b\u0161\u00ednsko-hav\u00ed\u0159ovsk\u00fd senior\u00e1t. D\u0159\u00edve vedl pr\u00e1ci s ml\u00e1de\u017e\u00ed. Se svou \u017eenou Mark\u00e9tou vychov\u00e1v\u00e1 t\u0159i d\u011bti a jeho srdce ho\u0159\u00ed pro c\u00edrkev, kter\u00e1 je uchv\u00e1cena Kristem. \ud83e\udd0e<\/span><\/p>\n<p>&nbsp;<\/p>\n<p><span style=\"font-weight: 400;\">Bl\u00edzk\u00e9 setk\u00e1n\u00ed se smrt\u00ed ve St\u0159edozemn\u00edm mo\u0159i v roce 2022 ho je\u0161t\u011b v\u00edce utvrdilo v odhodl\u00e1n\u00ed \u017e\u00edt naplno podle Bo\u017e\u00ed v\u016fle. Miluje technologie, fotbal a ticho s Bohem \u2013 nejrad\u011bji v saun\u011b.<\/span>[\/vc_column_text][\/vc_column_inner][vc_column_inner width=&#8220;1\/2&#8243;][vc_empty_space][vc_single_image image=&#8220;1088&#8243; img_size=&#8220;600&#215;600&#8243; alignment=&#8220;center&#8220;][vc_empty_space][\/vc_column_inner][\/vc_row_inner][\/vc_tta_section][\/vc_tta_tabs][vc_text_separator title=&#8220;2024&#8243;][vc_tta_tabs active_section=&#8220;0&#8243;][vc_tta_section title=&#8220;Tom\u00e1\u0161 Posp\u00edchal&#8220; tab_id=&#8220;1752827011498-e290608d-f90e&#8220;][vc_row_inner][vc_column_inner width=&#8220;1\/2&#8243;][vc_text_separator title=&#8220;Tom\u00e1\u0161 Posp\u00edchal&#8220; i_icon_fontawesome=&#8220;fas fa-microphone&#8220; i_color=&#8220;black&#8220; color=&#8220;black&#8220; add_icon=&#8220;true&#8220; css=&#8220;.vc_custom_1718649543458{margin-bottom: 10px !important;}&#8220;][vc_column_text]<\/p>\n<div class=\"xdj266r x11i5rnm xat24cr x1mh8g0r x1vvkbs x126k92a\">\n<div dir=\"auto\">\u0158e\u010dn\u00edk, kter\u00fd n\u00e1s poct\u00ed svou n\u00e1v\u0161t\u011bvou je Tom\u00e1\u0161 Posp\u00edchal. <span class=\"html-span xexx8yu x4uap5 x18d9i69 xkhd6sd x1hl2dhg x16tdsg8 x1vvkbs x3nfvp2 x1j61x8r x1fcty0u xdj266r xat24cr xgzva0m xhhsvwb xxymvpz xlup9mm x1kky2od\"><img loading=\"lazy\" decoding=\"async\" height=\"16\" width=\"16\" alt=\"\u2728\" class=\"xz74otr\" referrerpolicy=\"origin-when-cross-origin\" src=\"https:\/\/static.xx.fbcdn.net\/images\/emoji.php\/v9\/tf4\/1\/16\/2728.png\" \/><\/span><\/div>\n<div dir=\"auto\">Vystudoval v oboru zem\u011bd\u011blstv\u00ed a stal se vedouc\u00edm dr\u016fbe\u017e\u00e1\u0159sk\u00e9 farmy a jak s\u00e1m \u0159\u00edk\u00e1: &#8222;Kr\u00e1le Davida P\u00e1n B\u016fh povolal od ovc\u00ed, mne povolal od slepic.&#8220;<\/div>\n<\/div>\n<div class=\"x11i5rnm xat24cr x1mh8g0r x1vvkbs xtlvy1s x126k92a\">\n<div dir=\"auto\">Stal se kazatelem ve sboru Elim v P\u00edsku a pot\u00e9 zalo\u017eil n\u00e1dhernou rodinu se svou man\u017eelkou Karol\u00ednou. V sou\u010dasn\u00e9 dob\u011b slou\u017e\u00ed jako kazatel C\u00edrkve bratrsk\u00e9 ve Vset\u00edn\u011b na Jasence.<\/div>\n<\/div>\n<div class=\"x11i5rnm xat24cr x1mh8g0r x1vvkbs xtlvy1s x126k92a\">\n<div dir=\"auto\"><span class=\"html-span xdj266r x11i5rnm xat24cr x1mh8g0r xexx8yu x4uap5 x18d9i69 xkhd6sd x1hl2dhg x16tdsg8 x1vvkbs\"><a tabindex=\"-1\"><\/a><\/span>Miluje v\u00fdlety, houba\u0159en\u00ed, cestov\u00e1n\u00ed, focen\u00ed a \u010dten\u00ed knih. Jeho v\u00e1\u0161n\u00ed je Bible, kterou vn\u00edm\u00e1 jako dopis od Boha lidem a moc r\u00e1d ji pom\u00e1h\u00e1 druh\u00fdm lidem zkoumat. Makro focen\u00ed je pro n\u011bj velk\u00fd kon\u00ed\u010dek a za v\u0161emi t\u011bmi detaily vid\u00ed velk\u00e9ho Stvo\u0159itele, kter\u00fd v\u0161e vyprojektoval do nejmen\u0161\u00edho detailu, origin\u00e1ln\u011b a dokonale.<\/div>\n<\/div>\n<p>[\/vc_column_text][\/vc_column_inner][vc_column_inner width=&#8220;1\/2&#8243;][vc_empty_space][vc_single_image image=&#8220;860&#8243; img_size=&#8220;950&#215;950&#8243; alignment=&#8220;center&#8220;][vc_empty_space][\/vc_column_inner][\/vc_row_inner][\/vc_tta_section][\/vc_tta_tabs][vc_text_separator title=&#8220;2023&#8243;][vc_tta_tabs active_section=&#8220;0&#8243;][vc_tta_section title=&#8220;Tibor M\u00e1hrik&#8220; tab_id=&#8220;1718649379284-29b8374a-efd6&#8243;][vc_row_inner][vc_column_inner width=&#8220;1\/2&#8243;][vc_text_separator title=&#8220;Tibor M\u00e1hrik&#8220; i_icon_fontawesome=&#8220;fas fa-microphone&#8220; i_color=&#8220;black&#8220; color=&#8220;black&#8220; add_icon=&#8220;true&#8220; css=&#8220;.vc_custom_1688163095554{margin-bottom: 10px !important;}&#8220;][vc_column_text]<span>Tibor M\u00e1hrik je kazatelem v CB Centrum v Ostrav\u011b a zn\u00e1m\u00fdm \u0159e\u010dn\u00edkem v \u010cech\u00e1ch i na Slovensku. Jeho v\u00e1\u0161n\u00ed je naslouch\u00e1n\u00ed pulzu doby a hled\u00e1n\u00ed Biblick\u00e9 perspektivy na v\u00fdzvy, kter\u00fdm \u010del\u00edme.<br \/>\n<\/span><\/p>\n<p><span>V\u011b\u0159\u00ed v moc evangelia a usiluje o n\u00e1pravu v\u011bc\u00ed lidsk\u00fdch. <\/span><span>Na akademick\u00e9 p\u016fd\u011b se v\u011bnuje filosofii a etice. Spolu s man\u017eelkou slou\u017e\u00ed tak\u00e9 v oblasti rodinn\u00e9ho kou\u010dinku a duchovn\u00edho poradenstv\u00ed. Je p\u0159esv\u011bd\u010den o tom, \u017ee bez zdrav\u00fdch rodin nem\u016f\u017eou b\u00fdt zdrav\u00e9 sbory ani spole\u010dnost.<\/span>[\/vc_column_text][\/vc_column_inner][vc_column_inner width=&#8220;1\/2&#8243;][vc_empty_space][vc_single_image image=&#8220;653&#8243; img_size=&#8220;950&#215;600&#8243; alignment=&#8220;center&#8220;][vc_empty_space][\/vc_column_inner][\/vc_row_inner][\/vc_tta_section][\/vc_tta_tabs][\/vc_column][\/vc_row][vc_row][vc_column][vc_text_separator title=&#8220;2022&#8243;][vc_column_text]<\/p>\n<p style=\"text-align: center;\"><span>\u0158e\u010dn\u00edky, kte\u0159\u00ed u n\u00e1s vystupovali, najdete zde<\/span><\/p>\n<p style=\"text-align: center;\"><a href=\"https:\/\/ngfest.cz\/wp-content\/uploads\/2023\/05\/Recnici.pdf\">\u0158e\u010dn\u00edci.pdf<\/a><\/p>\n<p>[\/vc_column_text][\/vc_column][\/vc_row]<\/p>\n","protected":false},"excerpt":{"rendered":"<p>[vc_row][vc_column][vc_text_separator title=&#8220;Vystupovali u n\u00e1s&#8220; i_icon_fontawesome=&#8220;fas fa-microphone&#8220; i_color=&#8220;black&#8220; add_icon=&#8220;true&#8220;][vc_text_separator title=&#8220;2025&#8243;][vc_tta_tabs active_section=&#8220;0&#8243;][vc_tta_section title=&#8220;Luk\u00e1\u0161 Sztefek&#8220; tab_id=&#8220;1718649515793-fc6d612c-2468&#8243;][vc_row_inner][vc_column_inner width=&#8220;1\/2&#8243;][vc_text_separator title=&#8220;Luk\u00e1\u0161 Sztefek&#8220; i_icon_fontawesome=&#8220;fas fa-microphone&#8220; i_color=&#8220;black&#8220; color=&#8220;black&#8220; add_icon=&#8220;true&#8220; css=&#8220;.vc_custom_1752827055385{margin-bottom: 10px !important;}&#8220;][vc_column_text]Na\u0161im leto\u0161n\u00edm \u0159e\u010dn\u00edkem bude Luk\u00e1\u0161 Sztefek! \ud83c\udfa4 &nbsp; Je to pastor ve Slezsk\u00e9 c\u00edrkvi evangelick\u00e9 a. v., kde slou\u017e\u00ed ve sboru v T\u011brlicku a od roku 2023 [&hellip;]<\/p>\n","protected":false},"author":1,"featured_media":0,"parent":0,"menu_order":0,"comment_status":"closed","ping_status":"closed","template":"page-templates\/template-fullwidth.php","meta":{"footnotes":""},"class_list":["post-84","page","type-page","status-publish","hentry"],"_links":{"self":[{"href":"https:\/\/ngfest.cz\/index.php?rest_route=\/wp\/v2\/pages\/84","targetHints":{"allow":["GET"]}}],"collection":[{"href":"https:\/\/ngfest.cz\/index.php?rest_route=\/wp\/v2\/pages"}],"about":[{"href":"https:\/\/ngfest.cz\/index.php?rest_route=\/wp\/v2\/types\/page"}],"author":[{"embeddable":true,"href":"https:\/\/ngfest.cz\/index.php?rest_route=\/wp\/v2\/users\/1"}],"replies":[{"embeddable":true,"href":"https:\/\/ngfest.cz\/index.php?rest_route=%2Fwp%2Fv2%2Fcomments&post=84"}],"version-history":[{"count":36,"href":"https:\/\/ngfest.cz\/index.php?rest_route=\/wp\/v2\/pages\/84\/revisions"}],"predecessor-version":[{"id":401,"href":"https:\/\/ngfest.cz\/index.php?rest_route=\/wp\/v2\/pages\/84\/revisions\/401"}],"wp:attachment":[{"href":"https:\/\/ngfest.cz\/index.php?rest_route=%2Fwp%2Fv2%2Fmedia&parent=84"}],"curies":[{"name":"wp","href":"https:\/\/api.w.org\/{rel}","templated":true}]}}