{"id":85,"date":"2022-05-25T18:46:02","date_gmt":"2022-05-25T18:46:02","guid":{"rendered":"https:\/\/ngfest.cz\/?page_id=85"},"modified":"2026-01-14T12:26:13","modified_gmt":"2026-01-14T12:26:13","slug":"seminar","status":"publish","type":"page","link":"https:\/\/ngfest.cz\/?page_id=85","title":{"rendered":"Semin\u00e1\u0159"},"content":{"rendered":"<p>[vc_row][vc_column][vc_text_separator title=&#8220;2026&#8243;][vc_text_separator title=&#8220;2025&#8243;][vc_tta_tabs active_section=&#8220;0&#8243;][vc_tta_section title=&#8220;Semin\u00e1\u0159 2025&#8243; tab_id=&#8220;1749747789711-f874c158-d276&#8243;][vc_row_inner][vc_column_inner width=&#8220;1\/2&#8243;][vc_column_text css=&#8220;.vc_custom_1752677626903{margin-left: 2vw !important;}&#8220;]Kdo jsem \u2013 a pro\u010d tu vlastn\u011b jsem?<br \/>\nJak souvis\u00ed identita s na\u0161\u00edm \u017eivotn\u00edm posl\u00e1n\u00edm? Co na to \u0159\u00edk\u00e1 Bo\u017e\u00ed slovo? Kde hledat odpov\u011bdi na ot\u00e1zky \u201eKdo jsem?\u201c a \u201eJak\u00e9 je moje m\u00edsto v \u017eivot\u011b?\u201c A co d\u011blat, kdy\u017e \u017e\u00e1dn\u00e9 odpov\u011bdi nep\u0159ich\u00e1zej\u00ed? V \u010dem se skr\u00fdv\u00e1 fale\u0161n\u00e1 identita \u2013 a jak ji rozpoznat?<\/p>\n<p>T\u011bmito ot\u00e1zkami n\u00e1s provede MUDr. Marek M\u00e4siar, psychoterapeut s hlubok\u00fdm vhledem do lidsk\u00e9 du\u0161e, kter\u00fd ve sv\u00e9 praxi propojuje psychologii a v\u00edru. P\u0159ij\u010f objevit, co to znamen\u00e1 b\u00fdt opravdu s\u00e1m sebou \u2013 v Bo\u017e\u00edch o\u010d\u00edch.<\/p>\n<p>Na semin\u00e1\u0159i se pod\u00edv\u00e1me na to, jak rozpoznat fale\u0161n\u00e9 p\u0159edstavy o sob\u011b, kter\u00e9 n\u00e1s svazuj\u00ed, a jak objevovat svou pravou identitu v Bohu. P\u0159ij\u010f hledat sm\u011br, pravdu a odvahu b\u00fdt t\u00edm, k\u00fdm t\u011b B\u016fh skute\u010dn\u011b stvo\u0159il.[\/vc_column_text][\/vc_column_inner][vc_column_inner width=&#8220;1\/2&#8243;][vc_empty_space height=&#8220;50px&#8220;][vc_single_image image=&#8220;1083&#8243; img_size=&#8220;550&#215;550&#8243; alignment=&#8220;center&#8220; css=&#8220;.vc_custom_1752677108267{margin-right: 2vw !important;}&#8220;][\/vc_column_inner][\/vc_row_inner][\/vc_tta_section][\/vc_tta_tabs][vc_text_separator title=&#8220;2024&#8243;][vc_tta_tabs active_section=&#8220;0&#8243;][vc_tta_section title=&#8220;Semin\u00e1\u0159 2024&#8243; tab_id=&#8220;1752677076346-87df9c38-6af4&#8243;][vc_text_separator title=&#8220;Alzheimer doby aneb Zachra\u0148te \u017e\u00e1bu!&#8220; color=&#8220;chino&#8220; border_width=&#8220;3&#8243;][vc_row_inner][vc_column_inner width=&#8220;1\/2&#8243;][vc_column_text css=&#8220;.vc_custom_1719443705813{margin-left: 2vw !important;}&#8220;]<\/p>\n<p style=\"text-align: left;\"><b>\u00a0 \u00a0 \u00a0<span class=\"x193iq5w xeuugli x13faqbe x1vvkbs x1xmvt09 x1lliihq x1s928wv xhkezso x1gmr53x x1cpjm7i x1fgarty x1943h6x xudqn12 x3x7a5m x6prxxf xvq8zen xo1l8bm xzsf02u x1yc453h\" dir=\"auto\">Alzheimer doby aneb Zachra\u0148te \u017e\u00e1bu!<\/span><br \/>\n<\/b><\/p>\n<p style=\"text-align: left;\"><span style=\"font-weight: 400;\"><strong>\u00a0 \u00a0<\/strong> \u00a0<\/span><span style=\"font-weight: 400;\"><span class=\"x193iq5w xeuugli x13faqbe x1vvkbs x1xmvt09 x1lliihq x1s928wv xhkezso x1gmr53x x1cpjm7i x1fgarty x1943h6x xudqn12 x3x7a5m x6prxxf xvq8zen xo1l8bm xzsf02u x1yc453h\" dir=\"auto\">\u017dijeme v narcistick\u00e9 kultu\u0159e. Propad\u00e1me se do sv\u011bta iluz\u00ed o sob\u011b, o sv\u00e9 rodin\u011b, o cel\u00e9 spole\u010dnosti, a nakonec o cel\u00e9m sv\u011bt\u011b. Ztr\u00e1ta vn\u00edm\u00e1n\u00ed reality p\u0159in\u00e1\u0161\u00ed mnoh\u00e9 negativn\u00ed d\u016fsledky zejm\u00e9na atomizace spole\u010dnosti a n\u00e1sledn\u011b pocit osamocenosti, frustrace a \u00fazkosti. Je to jak va\u0159en\u00edm \u017e\u00e1by. Nev\u00ed, \u017ee teplota stoup\u00e1&#8230; Lze ji v\u016fbec zachr\u00e1nit?<\/span> <\/span><\/p>\n<p style=\"text-align: left;\"><span style=\"font-weight: 400;\"><strong>\u00a0 \u00a0 \u00a0<\/strong><span class=\"x193iq5w xeuugli x13faqbe x1vvkbs x1xmvt09 x1lliihq x1s928wv xhkezso x1gmr53x x1cpjm7i x1fgarty x1943h6x xudqn12 x3x7a5m x6prxxf xvq8zen xo1l8bm xzsf02u x1yc453h\" dir=\"auto\">Tibor M\u00e1hrik je kazatel CB v Ostrav\u011b a V\u0160 pedagog. Je p\u0159esv\u011bd\u010den, \u017ee slu\u017eba slovem m\u00e1 b\u00fdt inspirativn\u00ed a prom\u011b\u0148uj\u00edc\u00ed my\u0161len\u00ed \u010dlov\u011bka a jeho \u017eivot. V\u011bnuje se problematice revitalizace a zakl\u00e1d\u00e1n\u00ed nov\u00fdch sboru. Dlouh\u00e1 l\u00e9ta byl zam\u011b\u0159en na slu\u017ebu d\u011btem, dorostu a ml\u00e1de\u017ei. Tak\u00e9 je p\u0159edsedou KRUH-R, co\u017e je Odbor pro man\u017eelstv\u00ed a rodinu p\u0159i Rade CB. Spolu s man\u017eelkou se 35 let v\u011bnuj\u00ed duchovn\u00edmu poradenstv\u00ed a rodinn\u00e9mu kou\u010dinku. V\u011b\u0159\u00ed, \u017ee bez zdrav\u00fdch rodin nebudou zdrav\u00e9 sbory ani spole\u010dnost. Je to v\u00e1\u0161niv\u00fd hudebn\u00edk, kter\u00fd miluje um\u011bn\u00ed a p\u0159\u00edrodu. <\/span><\/span><\/p>\n<p style=\"text-align: left;\"><span style=\"font-weight: 400;\">\u00a0<\/span><\/p>\n<p>[\/vc_column_text][\/vc_column_inner][vc_column_inner width=&#8220;1\/2&#8243;][vc_empty_space height=&#8220;50px&#8220;][vc_single_image image=&#8220;859&#8243; img_size=&#8220;550&#215;550&#8243; alignment=&#8220;center&#8220; css=&#8220;.vc_custom_1719087786945{margin-right: 2vw !important;}&#8220;][\/vc_column_inner][\/vc_row_inner][\/vc_tta_section][\/vc_tta_tabs][\/vc_column][\/vc_row][vc_row][vc_column][vc_text_separator title=&#8220;2023&#8243;][vc_text_separator title=&#8220;2022&#8243;][\/vc_column][\/vc_row][vc_row][vc_column][vc_column_text]<\/p>\n<p style=\"text-align: center;\">Semin\u00e1\u0159 2022<\/p>\n<p style=\"text-align: center;\"><a href=\"https:\/\/ngfest.cz\/wp-content\/uploads\/2023\/05\/seminar-2022.pdf\"><strong>Semin\u00e1\u0159.pdf<\/strong><\/a><\/p>\n<p>[\/vc_column_text][\/vc_column][\/vc_row]<\/p>\n","protected":false},"excerpt":{"rendered":"<p>[vc_row][vc_column][vc_text_separator title=&#8220;2026&#8243;][vc_text_separator title=&#8220;2025&#8243;][vc_tta_tabs active_section=&#8220;0&#8243;][vc_tta_section title=&#8220;Semin\u00e1\u0159 2025&#8243; tab_id=&#8220;1749747789711-f874c158-d276&#8243;][vc_row_inner][vc_column_inner width=&#8220;1\/2&#8243;][vc_column_text css=&#8220;.vc_custom_1752677626903{margin-left: 2vw !important;}&#8220;]Kdo jsem \u2013 a pro\u010d tu vlastn\u011b jsem? Jak souvis\u00ed identita s na\u0161\u00edm \u017eivotn\u00edm posl\u00e1n\u00edm? Co na to \u0159\u00edk\u00e1 Bo\u017e\u00ed slovo? Kde hledat odpov\u011bdi na ot\u00e1zky \u201eKdo jsem?\u201c a \u201eJak\u00e9 je moje m\u00edsto v \u017eivot\u011b?\u201c A co d\u011blat, kdy\u017e \u017e\u00e1dn\u00e9 [&hellip;]<\/p>\n","protected":false},"author":1,"featured_media":0,"parent":0,"menu_order":0,"comment_status":"closed","ping_status":"closed","template":"page-templates\/template-fullwidth.php","meta":{"footnotes":""},"class_list":["post-85","page","type-page","status-publish","hentry"],"_links":{"self":[{"href":"https:\/\/ngfest.cz\/index.php?rest_route=\/wp\/v2\/pages\/85","targetHints":{"allow":["GET"]}}],"collection":[{"href":"https:\/\/ngfest.cz\/index.php?rest_route=\/wp\/v2\/pages"}],"about":[{"href":"https:\/\/ngfest.cz\/index.php?rest_route=\/wp\/v2\/types\/page"}],"author":[{"embeddable":true,"href":"https:\/\/ngfest.cz\/index.php?rest_route=\/wp\/v2\/users\/1"}],"replies":[{"embeddable":true,"href":"https:\/\/ngfest.cz\/index.php?rest_route=%2Fwp%2Fv2%2Fcomments&post=85"}],"version-history":[{"count":43,"href":"https:\/\/ngfest.cz\/index.php?rest_route=\/wp\/v2\/pages\/85\/revisions"}],"predecessor-version":[{"id":414,"href":"https:\/\/ngfest.cz\/index.php?rest_route=\/wp\/v2\/pages\/85\/revisions\/414"}],"wp:attachment":[{"href":"https:\/\/ngfest.cz\/index.php?rest_route=%2Fwp%2Fv2%2Fmedia&parent=85"}],"curies":[{"name":"wp","href":"https:\/\/api.w.org\/{rel}","templated":true}]}}