{"id":86,"date":"2022-05-25T18:46:02","date_gmt":"2022-05-25T18:46:02","guid":{"rendered":"https:\/\/ngfest.cz\/?page_id=86"},"modified":"2026-01-03T22:49:24","modified_gmt":"2026-01-03T22:49:24","slug":"podpora-2","status":"publish","type":"page","link":"https:\/\/ngfest.cz\/?page_id=86","title":{"rendered":"Podpora"},"content":{"rendered":"<p>[vc_row][vc_column width=&#8220;2\/3&#8243;][vc_column_text]<\/p>\n<p style=\"font-size: 27px;\">I Ty m\u016f\u017ee\u0161 pomoci uskute\u010dnit NG Fest<\/p>\n\n\n<p class=\"has-black-color has-text-color\">Jako ka\u017ed\u00fd rok, je i letos vstupn\u00e9 na n\u00e1\u0161 festival zcela dobrovoln\u00e9. Je pro n\u00e1s d\u016fle\u017eit\u00e9, aby byl festival dostupn\u00fd ka\u017ed\u00e9mu \u010dlov\u011bku, kter\u00fd m\u00e1 z\u00e1jem p\u0159ij\u00edt, proto nevyb\u00edr\u00e1me \u017e\u00e1dn\u00e9 povinn\u00e9 vstupn\u00e9.<\/p>\n<p>Kv\u016fli tomuto rozhodnut\u00ed jsme zcela odk\u00e1z\u00e1ni na sponzorsk\u00e9 dary a pr\u00e1ci dobrovoln\u00edk\u016f.<\/p>\n<p>Pokud m\u00e1\u0161 z\u00e1jem pomoci n\u00e1m s realizac\u00ed NG Festu jako dobrovoln\u00edk, tak n\u00e1m nev\u00e1hej napsat na mail <strong><a href=\"mailto:ngfest@seznam.cz\">ngfest@seznam.cz<\/a><\/strong> nebo n\u00e1\u0161 <strong><a href=\"https:\/\/www.facebook.com\/ngfest2022\/\">Facebook<\/a><\/strong> \u010di <strong><a href=\"https:\/\/www.instagram.com\/ngfest\/?hl=en\">Instagram<\/a><\/strong>.<\/p>\n\n\n<p>Finan\u010dn\u00ed cestou n\u00e1s m\u016f\u017ee\u0161 podpo\u0159it jakoukoliv \u010d\u00e1stkou na n\u00e1\u0161 bankovn\u00ed \u00fa\u010det<br \/><strong>2302192051\/2010<\/strong><br \/><strong>IBAN: CZ6620100000002302192051<br \/>v.s. Va\u0161e telefonn\u00ed \u010d\u00edslo<\/strong><\/p>\n\n\n<p>V\u00e1\u017e\u00edme si \u00fapln\u011b ka\u017ed\u00e9 Va\u0161\u00ed podpory, stejn\u011b tak i ka\u017ed\u00e9 Va\u0161\u00ed modlitby.<\/p>\n\n\n<div class=\"wp-block-buttons is-layout-flex wp-block-buttons-is-layout-flex\"><\/div>\n\n\n<div class=\"wp-block-buttons is-layout-flex wp-block-buttons-is-layout-flex\">\n<div class=\"wp-block-button is-style-outline is-style-outline--1\"><a class=\"wp-block-button__link wp-element-button\" href=\"https:\/\/ngfest.cz\/?page_id=23\">Kontakt<\/a><\/div>\n<p><\/div>\n\n\n<p>&nbsp;<\/p>\n<p>[\/vc_column_text][\/vc_column][vc_column width=&#8220;1\/3&#8243;][vc_single_image image=&#8220;1106&#8243; img_size=&#8220;400&#215;400&#8243;][\/vc_column][\/vc_row][vc_row][vc_column width=&#8220;1\/2&#8243;][\/vc_column][\/vc_row]<\/p>\n","protected":false},"excerpt":{"rendered":"<p>[vc_row][vc_column width=&#8220;2\/3&#8243;][vc_column_text] I Ty m\u016f\u017ee\u0161 pomoci uskute\u010dnit NG Fest Jako ka\u017ed\u00fd rok, je i letos vstupn\u00e9 na n\u00e1\u0161 festival zcela dobrovoln\u00e9. Je pro n\u00e1s d\u016fle\u017eit\u00e9, aby byl festival dostupn\u00fd ka\u017ed\u00e9mu \u010dlov\u011bku, kter\u00fd m\u00e1 z\u00e1jem p\u0159ij\u00edt, proto nevyb\u00edr\u00e1me \u017e\u00e1dn\u00e9 povinn\u00e9 vstupn\u00e9. Kv\u016fli tomuto rozhodnut\u00ed jsme zcela odk\u00e1z\u00e1ni na sponzorsk\u00e9 dary a [&hellip;]<\/p>\n","protected":false},"author":2,"featured_media":0,"parent":0,"menu_order":0,"comment_status":"closed","ping_status":"closed","template":"","meta":{"footnotes":""},"class_list":["post-86","page","type-page","status-publish","hentry"],"_links":{"self":[{"href":"https:\/\/ngfest.cz\/index.php?rest_route=\/wp\/v2\/pages\/86","targetHints":{"allow":["GET"]}}],"collection":[{"href":"https:\/\/ngfest.cz\/index.php?rest_route=\/wp\/v2\/pages"}],"about":[{"href":"https:\/\/ngfest.cz\/index.php?rest_route=\/wp\/v2\/types\/page"}],"author":[{"embeddable":true,"href":"https:\/\/ngfest.cz\/index.php?rest_route=\/wp\/v2\/users\/2"}],"replies":[{"embeddable":true,"href":"https:\/\/ngfest.cz\/index.php?rest_route=%2Fwp%2Fv2%2Fcomments&post=86"}],"version-history":[{"count":12,"href":"https:\/\/ngfest.cz\/index.php?rest_route=\/wp\/v2\/pages\/86\/revisions"}],"predecessor-version":[{"id":1109,"href":"https:\/\/ngfest.cz\/index.php?rest_route=\/wp\/v2\/pages\/86\/revisions\/1109"}],"wp:attachment":[{"href":"https:\/\/ngfest.cz\/index.php?rest_route=%2Fwp%2Fv2%2Fmedia&parent=86"}],"curies":[{"name":"wp","href":"https:\/\/api.w.org\/{rel}","templated":true}]}}