{"id":89,"date":"2022-05-25T18:46:02","date_gmt":"2022-05-25T18:46:02","guid":{"rendered":"https:\/\/ngfest.cz\/?page_id=89"},"modified":"2024-06-19T22:22:00","modified_gmt":"2024-06-19T22:22:00","slug":"vyrocni-zprava","status":"publish","type":"page","link":"https:\/\/ngfest.cz\/?page_id=89","title":{"rendered":"V\u00fdro\u010dn\u00ed zpr\u00e1va"},"content":{"rendered":"<p>&nbsp;<\/p>\n<p>&nbsp;<\/p>\n<p>[vc_row][vc_column][vc_column_text]<\/p>\n<h5 style=\"text-align: center;\"><a href=\"https:\/\/ngfest.cz\/wp-content\/uploads\/2024\/06\/Vyrocni-zprava-spolku-Didymos-z.s.-za-rok-2023.pdf\"><strong>V\u00fdro\u010dn\u00ed zpr\u00e1va spolku Didymos z.s. za rok 2023<\/strong><\/a><\/h5>\n<p>[\/vc_column_text][\/vc_column][\/vc_row]<\/p>\n<p>&nbsp;<\/p>\n<p>[vc_row][vc_column][vc_column_text]<\/p>\n<h5 style=\"text-align: center;\"><a href=\"https:\/\/ngfest.cz\/wp-content\/uploads\/2023\/02\/Vyrocni-zprava-Didymos-z.s.-2022.pdf\"><strong>V\u00fdro\u010dn\u00ed zpr\u00e1va spolku Didymos z.s. za rok 2022<\/strong><\/a><\/h5>\n<p>[\/vc_column_text][\/vc_column][\/vc_row]<\/p>\n","protected":false},"excerpt":{"rendered":"<p>&nbsp; &nbsp; [vc_row][vc_column][vc_column_text] V\u00fdro\u010dn\u00ed zpr\u00e1va spolku Didymos z.s. za rok 2023 [\/vc_column_text][\/vc_column][\/vc_row] &nbsp; [vc_row][vc_column][vc_column_text] V\u00fdro\u010dn\u00ed zpr\u00e1va spolku Didymos z.s. za rok 2022 [\/vc_column_text][\/vc_column][\/vc_row]<\/p>\n","protected":false},"author":1,"featured_media":0,"parent":0,"menu_order":0,"comment_status":"closed","ping_status":"closed","template":"page-templates\/template-pagebuilder-full-width.php","meta":{"footnotes":""},"class_list":["post-89","page","type-page","status-publish","hentry"],"_links":{"self":[{"href":"https:\/\/ngfest.cz\/index.php?rest_route=\/wp\/v2\/pages\/89","targetHints":{"allow":["GET"]}}],"collection":[{"href":"https:\/\/ngfest.cz\/index.php?rest_route=\/wp\/v2\/pages"}],"about":[{"href":"https:\/\/ngfest.cz\/index.php?rest_route=\/wp\/v2\/types\/page"}],"author":[{"embeddable":true,"href":"https:\/\/ngfest.cz\/index.php?rest_route=\/wp\/v2\/users\/1"}],"replies":[{"embeddable":true,"href":"https:\/\/ngfest.cz\/index.php?rest_route=%2Fwp%2Fv2%2Fcomments&post=89"}],"version-history":[{"count":7,"href":"https:\/\/ngfest.cz\/index.php?rest_route=\/wp\/v2\/pages\/89\/revisions"}],"predecessor-version":[{"id":896,"href":"https:\/\/ngfest.cz\/index.php?rest_route=\/wp\/v2\/pages\/89\/revisions\/896"}],"wp:attachment":[{"href":"https:\/\/ngfest.cz\/index.php?rest_route=%2Fwp%2Fv2%2Fmedia&parent=89"}],"curies":[{"name":"wp","href":"https:\/\/api.w.org\/{rel}","templated":true}]}}